{"id":2186,"date":"2023-10-29T13:23:41","date_gmt":"2023-10-29T13:23:41","guid":{"rendered":"https:\/\/yoga-kinder-jugendliche-speyer.de\/?page_id=2186"},"modified":"2023-11-12T21:53:23","modified_gmt":"2023-11-12T21:53:23","slug":"anmeldung-yoga","status":"publish","type":"page","link":"https:\/\/kinder-jugendliche-yoga-dudenhofen.de\/?page_id=2186","title":{"rendered":"Kontakt \/ Anmeldung Yoga"},"content":{"rendered":"\n<p class=\"has-text-color\" style=\"color:#512977;font-size:15px\">Hier k\u00f6nnen Sie mir eine  Nachricht schreiben oder Ihr Kind f\u00fcr eine Schnupperstunde Yoga anmelden.<\/p>\n\n\n\n<div class=\"wpcf7 no-js\" id=\"wpcf7-f304-o1\" lang=\"de-DE\" dir=\"ltr\" data-wpcf7-id=\"304\">\n<div class=\"screen-reader-response\"><p role=\"status\" aria-live=\"polite\" aria-atomic=\"true\"><\/p> <ul><\/ul><\/div>\n<form action=\"\/index.php?rest_route=%2Fwp%2Fv2%2Fpages%2F2186#wpcf7-f304-o1\" method=\"post\" class=\"wpcf7-form init\" aria-label=\"Kontaktformular\" novalidate=\"novalidate\" data-status=\"init\">\n<fieldset class=\"hidden-fields-container\"><input type=\"hidden\" name=\"_wpcf7\" value=\"304\" \/><input type=\"hidden\" name=\"_wpcf7_version\" value=\"6.1.5\" \/><input type=\"hidden\" name=\"_wpcf7_locale\" value=\"de_DE\" \/><input type=\"hidden\" name=\"_wpcf7_unit_tag\" value=\"wpcf7-f304-o1\" \/><input type=\"hidden\" name=\"_wpcf7_container_post\" value=\"0\" \/><input type=\"hidden\" name=\"_wpcf7_posted_data_hash\" value=\"\" \/>\n<\/fieldset>\n<p><label> Name (Pflichtfeld)<br \/>\n<span class=\"wpcf7-form-control-wrap\" data-name=\"your-name\"><input size=\"40\" maxlength=\"400\" class=\"wpcf7-form-control wpcf7-text wpcf7-validates-as-required\" aria-required=\"true\" aria-invalid=\"false\" value=\"\" type=\"text\" name=\"your-name\" \/><\/span> <\/label>\n<\/p>\n<p><label> E-Mail-Adresse (Pflichtfeld)<br \/>\n<span class=\"wpcf7-form-control-wrap\" data-name=\"your-email\"><input size=\"40\" maxlength=\"400\" class=\"wpcf7-form-control wpcf7-email wpcf7-validates-as-required wpcf7-text wpcf7-validates-as-email\" aria-required=\"true\" aria-invalid=\"false\" value=\"\" type=\"email\" name=\"your-email\" \/><\/span> <\/label>\n<\/p>\n<p><label> Telefonnummer (Pflichtfeld)<br \/>\n<span class=\"wpcf7-form-control-wrap\" data-name=\"tel-322\"><input size=\"40\" maxlength=\"400\" class=\"wpcf7-form-control wpcf7-tel wpcf7-validates-as-required wpcf7-text wpcf7-validates-as-tel\" aria-required=\"true\" aria-invalid=\"false\" value=\"\" type=\"tel\" name=\"tel-322\" \/><\/span> <\/label>\n<\/p>\n<p><label> Betreff<br \/>\n<span class=\"wpcf7-form-control-wrap\" data-name=\"your-subject\"><input size=\"40\" maxlength=\"400\" class=\"wpcf7-form-control wpcf7-text\" aria-invalid=\"false\" value=\"\" type=\"text\" name=\"your-subject\" \/><\/span> <\/label>\n<\/p>\n<p><label> Nachricht<br \/>\n<span class=\"wpcf7-form-control-wrap\" data-name=\"your-message\"><textarea cols=\"40\" rows=\"10\" maxlength=\"2000\" class=\"wpcf7-form-control wpcf7-textarea\" aria-invalid=\"false\" name=\"your-message\"><\/textarea><\/span> <\/label>\n<\/p>\n<p><input class=\"wpcf7-form-control wpcf7-submit has-spinner\" type=\"submit\" value=\"Senden\" \/>\n<\/p><p style=\"display: none !important;\" class=\"akismet-fields-container\" data-prefix=\"_wpcf7_ak_\"><label>&#916;<textarea name=\"_wpcf7_ak_hp_textarea\" cols=\"45\" rows=\"8\" maxlength=\"100\"><\/textarea><\/label><input type=\"hidden\" id=\"ak_js_1\" name=\"_wpcf7_ak_js\" value=\"144\"\/><script>document.getElementById( \"ak_js_1\" ).setAttribute( \"value\", ( new Date() ).getTime() );<\/script><\/p><div class=\"wpcf7-response-output\" aria-hidden=\"true\"><\/div>\n<\/form>\n<\/div>\n\n","protected":false},"excerpt":{"rendered":"<p>Hier k\u00f6nnen Sie mir eine Nachricht schreiben oder Ihr Kind f\u00fcr eine Schnupperstunde Yoga anmelden.<\/p>\n","protected":false},"author":1,"featured_media":0,"parent":0,"menu_order":0,"comment_status":"closed","ping_status":"closed","template":"","meta":{"footnotes":""},"class_list":["post-2186","page","type-page","status-publish","hentry"],"yoast_head":"<!-- This site is optimized with the Yoast SEO plugin v27.4 - https:\/\/yoast.com\/product\/yoast-seo-wordpress\/ -->\n<title>Kontakt \/ Anmeldung Yoga - Yoga f\u00fcr Kinder und Jugendliche in Dudenhofen<\/title>\n<meta name=\"robots\" content=\"index, follow, max-snippet:-1, max-image-preview:large, max-video-preview:-1\" \/>\n<link rel=\"canonical\" href=\"https:\/\/kinder-jugendliche-yoga-dudenhofen.de\/?page_id=2186\" \/>\n<meta property=\"og:locale\" content=\"de_DE\" \/>\n<meta property=\"og:type\" content=\"article\" \/>\n<meta property=\"og:title\" content=\"Kontakt \/ Anmeldung Yoga - Yoga f\u00fcr Kinder und Jugendliche in Dudenhofen\" \/>\n<meta property=\"og:description\" content=\"Hier k\u00f6nnen Sie mir eine Nachricht schreiben oder Ihr Kind f\u00fcr eine Schnupperstunde Yoga anmelden.\" \/>\n<meta property=\"og:url\" content=\"https:\/\/kinder-jugendliche-yoga-dudenhofen.de\/?page_id=2186\" \/>\n<meta property=\"og:site_name\" content=\"Yoga f\u00fcr Kinder und Jugendliche in Dudenhofen\" \/>\n<meta property=\"article:modified_time\" content=\"2023-11-12T21:53:23+00:00\" \/>\n<meta name=\"twitter:card\" content=\"summary_large_image\" \/>\n<meta name=\"twitter:label1\" content=\"Gesch\u00e4tzte Lesezeit\" \/>\n\t<meta name=\"twitter:data1\" content=\"1\u00a0Minute\" \/>\n<script type=\"application\/ld+json\" class=\"yoast-schema-graph\">{\"@context\":\"https:\\\/\\\/schema.org\",\"@graph\":[{\"@type\":\"WebPage\",\"@id\":\"https:\\\/\\\/kinder-jugendliche-yoga-dudenhofen.de\\\/?page_id=2186\",\"url\":\"https:\\\/\\\/kinder-jugendliche-yoga-dudenhofen.de\\\/?page_id=2186\",\"name\":\"Kontakt \\\/ Anmeldung Yoga - Yoga f\u00fcr Kinder und Jugendliche in Dudenhofen\",\"isPartOf\":{\"@id\":\"https:\\\/\\\/kinder-jugendliche-yoga-dudenhofen.de\\\/#website\"},\"datePublished\":\"2023-10-29T13:23:41+00:00\",\"dateModified\":\"2023-11-12T21:53:23+00:00\",\"breadcrumb\":{\"@id\":\"https:\\\/\\\/kinder-jugendliche-yoga-dudenhofen.de\\\/?page_id=2186#breadcrumb\"},\"inLanguage\":\"de\",\"potentialAction\":[{\"@type\":\"ReadAction\",\"target\":[\"https:\\\/\\\/kinder-jugendliche-yoga-dudenhofen.de\\\/?page_id=2186\"]}]},{\"@type\":\"BreadcrumbList\",\"@id\":\"https:\\\/\\\/kinder-jugendliche-yoga-dudenhofen.de\\\/?page_id=2186#breadcrumb\",\"itemListElement\":[{\"@type\":\"ListItem\",\"position\":1,\"name\":\"Startseite\",\"item\":\"https:\\\/\\\/kinder-jugendliche-yoga-dudenhofen.de\\\/\"},{\"@type\":\"ListItem\",\"position\":2,\"name\":\"Kontakt \\\/ Anmeldung Yoga\"}]},{\"@type\":\"WebSite\",\"@id\":\"https:\\\/\\\/kinder-jugendliche-yoga-dudenhofen.de\\\/#website\",\"url\":\"https:\\\/\\\/kinder-jugendliche-yoga-dudenhofen.de\\\/\",\"name\":\"Yoga f\u00fcr Kinder und Jugendliche in Dudenhofen\",\"description\":\"mit Priyala Angela Hahnemann\",\"potentialAction\":[{\"@type\":\"SearchAction\",\"target\":{\"@type\":\"EntryPoint\",\"urlTemplate\":\"https:\\\/\\\/kinder-jugendliche-yoga-dudenhofen.de\\\/?s={search_term_string}\"},\"query-input\":{\"@type\":\"PropertyValueSpecification\",\"valueRequired\":true,\"valueName\":\"search_term_string\"}}],\"inLanguage\":\"de\"}]}<\/script>\n<!-- \/ Yoast SEO plugin. -->","yoast_head_json":{"title":"Kontakt \/ Anmeldung Yoga - Yoga f\u00fcr Kinder und Jugendliche in Dudenhofen","robots":{"index":"index","follow":"follow","max-snippet":"max-snippet:-1","max-image-preview":"max-image-preview:large","max-video-preview":"max-video-preview:-1"},"canonical":"https:\/\/kinder-jugendliche-yoga-dudenhofen.de\/?page_id=2186","og_locale":"de_DE","og_type":"article","og_title":"Kontakt \/ Anmeldung Yoga - Yoga f\u00fcr Kinder und Jugendliche in Dudenhofen","og_description":"Hier k\u00f6nnen Sie mir eine Nachricht schreiben oder Ihr Kind f\u00fcr eine Schnupperstunde Yoga anmelden.","og_url":"https:\/\/kinder-jugendliche-yoga-dudenhofen.de\/?page_id=2186","og_site_name":"Yoga f\u00fcr Kinder und Jugendliche in Dudenhofen","article_modified_time":"2023-11-12T21:53:23+00:00","twitter_card":"summary_large_image","twitter_misc":{"Gesch\u00e4tzte Lesezeit":"1\u00a0Minute"},"schema":{"@context":"https:\/\/schema.org","@graph":[{"@type":"WebPage","@id":"https:\/\/kinder-jugendliche-yoga-dudenhofen.de\/?page_id=2186","url":"https:\/\/kinder-jugendliche-yoga-dudenhofen.de\/?page_id=2186","name":"Kontakt \/ Anmeldung Yoga - Yoga f\u00fcr Kinder und Jugendliche in Dudenhofen","isPartOf":{"@id":"https:\/\/kinder-jugendliche-yoga-dudenhofen.de\/#website"},"datePublished":"2023-10-29T13:23:41+00:00","dateModified":"2023-11-12T21:53:23+00:00","breadcrumb":{"@id":"https:\/\/kinder-jugendliche-yoga-dudenhofen.de\/?page_id=2186#breadcrumb"},"inLanguage":"de","potentialAction":[{"@type":"ReadAction","target":["https:\/\/kinder-jugendliche-yoga-dudenhofen.de\/?page_id=2186"]}]},{"@type":"BreadcrumbList","@id":"https:\/\/kinder-jugendliche-yoga-dudenhofen.de\/?page_id=2186#breadcrumb","itemListElement":[{"@type":"ListItem","position":1,"name":"Startseite","item":"https:\/\/kinder-jugendliche-yoga-dudenhofen.de\/"},{"@type":"ListItem","position":2,"name":"Kontakt \/ Anmeldung Yoga"}]},{"@type":"WebSite","@id":"https:\/\/kinder-jugendliche-yoga-dudenhofen.de\/#website","url":"https:\/\/kinder-jugendliche-yoga-dudenhofen.de\/","name":"Yoga f\u00fcr Kinder und Jugendliche in Dudenhofen","description":"mit Priyala Angela Hahnemann","potentialAction":[{"@type":"SearchAction","target":{"@type":"EntryPoint","urlTemplate":"https:\/\/kinder-jugendliche-yoga-dudenhofen.de\/?s={search_term_string}"},"query-input":{"@type":"PropertyValueSpecification","valueRequired":true,"valueName":"search_term_string"}}],"inLanguage":"de"}]}},"_links":{"self":[{"href":"https:\/\/kinder-jugendliche-yoga-dudenhofen.de\/index.php?rest_route=\/wp\/v2\/pages\/2186","targetHints":{"allow":["GET"]}}],"collection":[{"href":"https:\/\/kinder-jugendliche-yoga-dudenhofen.de\/index.php?rest_route=\/wp\/v2\/pages"}],"about":[{"href":"https:\/\/kinder-jugendliche-yoga-dudenhofen.de\/index.php?rest_route=\/wp\/v2\/types\/page"}],"author":[{"embeddable":true,"href":"https:\/\/kinder-jugendliche-yoga-dudenhofen.de\/index.php?rest_route=\/wp\/v2\/users\/1"}],"replies":[{"embeddable":true,"href":"https:\/\/kinder-jugendliche-yoga-dudenhofen.de\/index.php?rest_route=%2Fwp%2Fv2%2Fcomments&post=2186"}],"version-history":[{"count":8,"href":"https:\/\/kinder-jugendliche-yoga-dudenhofen.de\/index.php?rest_route=\/wp\/v2\/pages\/2186\/revisions"}],"predecessor-version":[{"id":2483,"href":"https:\/\/kinder-jugendliche-yoga-dudenhofen.de\/index.php?rest_route=\/wp\/v2\/pages\/2186\/revisions\/2483"}],"wp:attachment":[{"href":"https:\/\/kinder-jugendliche-yoga-dudenhofen.de\/index.php?rest_route=%2Fwp%2Fv2%2Fmedia&parent=2186"}],"curies":[{"name":"wp","href":"https:\/\/api.w.org\/{rel}","templated":true}]}}