{"id":10,"date":"2019-02-10T23:33:58","date_gmt":"2019-02-10T23:33:58","guid":{"rendered":"http:\/\/yoga-kinder-jugendliche-speyer.de\/?page_id=10"},"modified":"2023-12-13T10:43:29","modified_gmt":"2023-12-13T10:43:29","slug":"priyala-angela-hahnemann","status":"publish","type":"page","link":"https:\/\/kinder-jugendliche-yoga-dudenhofen.de\/","title":{"rendered":"Fit und entspannt durchs Leben. Yoga , als ganzheitliches \u00dcbungsprogramm f\u00fcr K\u00f6rper, Geist und Seele."},"content":{"rendered":"<div class=\"wp-block-image is-style-rounded\">\n<figure class=\"aligncenter size-full is-resized\"><a href=\"https:\/\/yoga-kinder-jugendliche-speyer.de\/wp-content\/uploads\/2023\/03\/Priyala-Angela-Hahnemann-scaled.jpg\"><img loading=\"lazy\" decoding=\"async\" width=\"2225\" height=\"2560\" src=\"https:\/\/yoga-kinder-jugendliche-speyer.de\/wp-content\/uploads\/2023\/03\/Priyala-Angela-Hahnemann-scaled.jpg\" alt=\"\" class=\"wp-image-1869\" style=\"aspect-ratio:0.869140625;width:389px;height:auto\" srcset=\"https:\/\/kinder-jugendliche-yoga-dudenhofen.de\/wp-content\/uploads\/2023\/03\/Priyala-Angela-Hahnemann-scaled.jpg 2225w, https:\/\/kinder-jugendliche-yoga-dudenhofen.de\/wp-content\/uploads\/2023\/03\/Priyala-Angela-Hahnemann-261x300.jpg 261w, https:\/\/kinder-jugendliche-yoga-dudenhofen.de\/wp-content\/uploads\/2023\/03\/Priyala-Angela-Hahnemann-890x1024.jpg 890w, https:\/\/kinder-jugendliche-yoga-dudenhofen.de\/wp-content\/uploads\/2023\/03\/Priyala-Angela-Hahnemann-768x883.jpg 768w, https:\/\/kinder-jugendliche-yoga-dudenhofen.de\/wp-content\/uploads\/2023\/03\/Priyala-Angela-Hahnemann-1335x1536.jpg 1335w, https:\/\/kinder-jugendliche-yoga-dudenhofen.de\/wp-content\/uploads\/2023\/03\/Priyala-Angela-Hahnemann-1780x2048.jpg 1780w\" sizes=\"auto, (max-width: 767px) 89vw, (max-width: 1000px) 54vw, (max-width: 1071px) 543px, 580px\" \/><\/a><\/figure><\/div>\n\n\n<p><\/p>\n\n\n\n<h2 class=\"wp-block-heading has-text-align-center has-text-color has-medium-font-size\" style=\"color:#512977\"><strong>Priyala Angela Hahnemann<\/strong><\/h2>\n\n\n\n<h2 class=\"wp-block-heading has-text-align-center has-text-color has-medium-font-size\" style=\"color:#512977\">Yogalehrerin f\u00fcr Kinder und Jugendliche (KYA) Yogalehrerin (BYV)<\/h2>\n\n\n\n<h2 class=\"wp-block-heading\"><mark style=\"background-color:rgba(0, 0, 0, 0)\" class=\"has-inline-color has-black-color\">Mit gro\u00dfer Freude unterrichte ich Kindern seit 2008 und Jugendlichen seit 2015 Yoga. Dazu bin ich in verschiedenen Einrichtungen in Dudenhofen und in Neustadt\/ Diedesfeld t\u00e4tig.<\/mark><\/h2>\n\n\n\n<h2 class=\"wp-block-heading\"><mark style=\"background-color:rgba(0, 0, 0, 0)\" class=\"has-inline-color has-black-color\">Es ist eine sehr sch\u00f6ne und n\u00fctzliche Aufgabe meinen Sch\u00fcler*innen M\u00f6glichkeiten und Wege zu vermitteln, wie sie in Zeiten von fr\u00fchem Leistungsdruck und Reiz\u00fcberflutung, Entspannung und Ruhe in ihr Leben bringen k\u00f6nnen. Wahrzunehmen, wie sich die Kinder und Jugendlichen durch ihre regelm\u00e4\u00dfige Yogapraxis positiv ver\u00e4ndern, ist ein Geschenk. Yoga zu unterrichten ist mein Traumberuf.<\/mark><\/h2>\n\n\n\n<h2 class=\"wp-block-heading\"><mark style=\"background-color:rgba(0, 0, 0, 0)\" class=\"has-inline-color has-black-color\">Mein pers\u00f6nlicher Yoga Weg begann 1990 in Bad Nauheim. Seitdem begleitet Yoga mich durch mein ganzes Leben. In all den Jahren habe ich verschiedene Traditionen kennen und sch\u00e4tzen gelernt. Meine eigene, langj\u00e4hrige Iyengar Yoga\u00a0 Praxis bildet eine feste Basis in meinem Unterricht vor allem auf k\u00f6rperlicher Ebene. Die klare Struktur eine Yogahaltung aufzubauen, wird von den Sch\u00fcler*innen sehr gesch\u00e4tzt.<\/mark><\/h2>\n\n\n\n<h2 class=\"wp-block-heading\"><mark style=\"background-color:rgba(0, 0, 0, 0)\" class=\"has-inline-color has-black-color\">Das integrale Yogasystem nach Swami Sivananda und hierbei besonders die Kundalini Yogapraxis haben mich Yoga als Einheit und Harmonie erfahren lassen. Die wunderbar entspannenden Elemente dieser Tradition runden meinen Unterricht ab.<\/mark><\/h2>\n\n\n\n<h2 class=\"wp-block-heading\"><mark style=\"background-color:rgba(0, 0, 0, 0)\" class=\"has-inline-color has-black-color\">Regelm\u00e4\u00dfige Aus- und Weiterbildungen, bereichern sowohl meine eigene Praxis als auch meinen Unterricht. <\/mark><\/h2>\n","protected":false},"excerpt":{"rendered":"<p>Priyala Angela Hahnemann Yogalehrerin f\u00fcr Kinder und Jugendliche (KYA) Yogalehrerin (BYV) Mit gro\u00dfer Freude unterrichte ich Kindern seit 2008 und Jugendlichen seit 2015 Yoga. Dazu bin ich in verschiedenen Einrichtungen in Dudenhofen und in Neustadt\/ Diedesfeld t\u00e4tig. Es ist eine sehr sch\u00f6ne und n\u00fctzliche Aufgabe meinen Sch\u00fcler*innen M\u00f6glichkeiten und Wege zu vermitteln, wie sie in &hellip; <\/p>\n<p class=\"link-more\"><a href=\"https:\/\/kinder-jugendliche-yoga-dudenhofen.de\/\" class=\"more-link\"><span class=\"screen-reader-text\">\u201eFit und entspannt durchs Leben. Yoga , als ganzheitliches \u00dcbungsprogramm f\u00fcr K\u00f6rper, Geist und Seele.\u201c<\/span> weiterlesen<\/a><\/p>\n","protected":false},"author":1,"featured_media":0,"parent":0,"menu_order":0,"comment_status":"closed","ping_status":"closed","template":"","meta":{"footnotes":""},"class_list":["post-10","page","type-page","status-publish","hentry"],"yoast_head":"<!-- This site is optimized with the Yoast SEO plugin v27.4 - https:\/\/yoast.com\/product\/yoast-seo-wordpress\/ -->\n<title>Fit und entspannt durchs Leben. Yoga , als ganzheitliches \u00dcbungsprogramm f\u00fcr K\u00f6rper, Geist und Seele. - Yoga f\u00fcr Kinder und Jugendliche in Dudenhofen<\/title>\n<meta name=\"robots\" content=\"index, follow, max-snippet:-1, max-image-preview:large, max-video-preview:-1\" \/>\n<link rel=\"canonical\" href=\"https:\/\/kinder-jugendliche-yoga-dudenhofen.de\/\" \/>\n<meta property=\"og:locale\" content=\"de_DE\" \/>\n<meta property=\"og:type\" content=\"article\" \/>\n<meta property=\"og:title\" content=\"Fit und entspannt durchs Leben. Yoga , als ganzheitliches \u00dcbungsprogramm f\u00fcr K\u00f6rper, Geist und Seele. - Yoga f\u00fcr Kinder und Jugendliche in Dudenhofen\" \/>\n<meta property=\"og:description\" content=\"Priyala Angela Hahnemann Yogalehrerin f\u00fcr Kinder und Jugendliche (KYA) Yogalehrerin (BYV) Mit gro\u00dfer Freude unterrichte ich Kindern seit 2008 und Jugendlichen seit 2015 Yoga. Dazu bin ich in verschiedenen Einrichtungen in Dudenhofen und in Neustadt\/ Diedesfeld t\u00e4tig. Es ist eine sehr sch\u00f6ne und n\u00fctzliche Aufgabe meinen Sch\u00fcler*innen M\u00f6glichkeiten und Wege zu vermitteln, wie sie in &hellip; \u201eFit und entspannt durchs Leben. Yoga , als ganzheitliches \u00dcbungsprogramm f\u00fcr K\u00f6rper, Geist und Seele.\u201c weiterlesen\" \/>\n<meta property=\"og:url\" content=\"https:\/\/kinder-jugendliche-yoga-dudenhofen.de\/\" \/>\n<meta property=\"og:site_name\" content=\"Yoga f\u00fcr Kinder und Jugendliche in Dudenhofen\" \/>\n<meta property=\"article:modified_time\" content=\"2023-12-13T10:43:29+00:00\" \/>\n<meta property=\"og:image\" content=\"https:\/\/yoga-kinder-jugendliche-speyer.de\/wp-content\/uploads\/2023\/03\/Priyala-Angela-Hahnemann-scaled.jpg\" \/>\n<meta name=\"twitter:card\" content=\"summary_large_image\" \/>\n<meta name=\"twitter:label1\" content=\"Gesch\u00e4tzte Lesezeit\" \/>\n\t<meta name=\"twitter:data1\" content=\"2\u00a0Minuten\" \/>\n<script type=\"application\/ld+json\" class=\"yoast-schema-graph\">{\"@context\":\"https:\\\/\\\/schema.org\",\"@graph\":[{\"@type\":\"WebPage\",\"@id\":\"https:\\\/\\\/kinder-jugendliche-yoga-dudenhofen.de\\\/\",\"url\":\"https:\\\/\\\/kinder-jugendliche-yoga-dudenhofen.de\\\/\",\"name\":\"Fit und entspannt durchs Leben. Yoga , als ganzheitliches \u00dcbungsprogramm f\u00fcr K\u00f6rper, Geist und Seele. - Yoga f\u00fcr Kinder und Jugendliche in Dudenhofen\",\"isPartOf\":{\"@id\":\"https:\\\/\\\/kinder-jugendliche-yoga-dudenhofen.de\\\/#website\"},\"primaryImageOfPage\":{\"@id\":\"https:\\\/\\\/kinder-jugendliche-yoga-dudenhofen.de\\\/#primaryimage\"},\"image\":{\"@id\":\"https:\\\/\\\/kinder-jugendliche-yoga-dudenhofen.de\\\/#primaryimage\"},\"thumbnailUrl\":\"https:\\\/\\\/yoga-kinder-jugendliche-speyer.de\\\/wp-content\\\/uploads\\\/2023\\\/03\\\/Priyala-Angela-Hahnemann-scaled.jpg\",\"datePublished\":\"2019-02-10T23:33:58+00:00\",\"dateModified\":\"2023-12-13T10:43:29+00:00\",\"breadcrumb\":{\"@id\":\"https:\\\/\\\/kinder-jugendliche-yoga-dudenhofen.de\\\/#breadcrumb\"},\"inLanguage\":\"de\",\"potentialAction\":[{\"@type\":\"ReadAction\",\"target\":[\"https:\\\/\\\/kinder-jugendliche-yoga-dudenhofen.de\\\/\"]}]},{\"@type\":\"ImageObject\",\"inLanguage\":\"de\",\"@id\":\"https:\\\/\\\/kinder-jugendliche-yoga-dudenhofen.de\\\/#primaryimage\",\"url\":\"https:\\\/\\\/yoga-kinder-jugendliche-speyer.de\\\/wp-content\\\/uploads\\\/2023\\\/03\\\/Priyala-Angela-Hahnemann-scaled.jpg\",\"contentUrl\":\"https:\\\/\\\/yoga-kinder-jugendliche-speyer.de\\\/wp-content\\\/uploads\\\/2023\\\/03\\\/Priyala-Angela-Hahnemann-scaled.jpg\"},{\"@type\":\"BreadcrumbList\",\"@id\":\"https:\\\/\\\/kinder-jugendliche-yoga-dudenhofen.de\\\/#breadcrumb\",\"itemListElement\":[{\"@type\":\"ListItem\",\"position\":1,\"name\":\"Startseite\",\"item\":\"https:\\\/\\\/kinder-jugendliche-yoga-dudenhofen.de\\\/\"},{\"@type\":\"ListItem\",\"position\":2,\"name\":\"Fit und entspannt durchs Leben. Yoga , als ganzheitliches \u00dcbungsprogramm f\u00fcr K\u00f6rper, Geist und Seele.\"}]},{\"@type\":\"WebSite\",\"@id\":\"https:\\\/\\\/kinder-jugendliche-yoga-dudenhofen.de\\\/#website\",\"url\":\"https:\\\/\\\/kinder-jugendliche-yoga-dudenhofen.de\\\/\",\"name\":\"Yoga f\u00fcr Kinder und Jugendliche in Dudenhofen\",\"description\":\"mit Priyala Angela Hahnemann\",\"potentialAction\":[{\"@type\":\"SearchAction\",\"target\":{\"@type\":\"EntryPoint\",\"urlTemplate\":\"https:\\\/\\\/kinder-jugendliche-yoga-dudenhofen.de\\\/?s={search_term_string}\"},\"query-input\":{\"@type\":\"PropertyValueSpecification\",\"valueRequired\":true,\"valueName\":\"search_term_string\"}}],\"inLanguage\":\"de\"}]}<\/script>\n<!-- \/ Yoast SEO plugin. -->","yoast_head_json":{"title":"Fit und entspannt durchs Leben. Yoga , als ganzheitliches \u00dcbungsprogramm f\u00fcr K\u00f6rper, Geist und Seele. - Yoga f\u00fcr Kinder und Jugendliche in Dudenhofen","robots":{"index":"index","follow":"follow","max-snippet":"max-snippet:-1","max-image-preview":"max-image-preview:large","max-video-preview":"max-video-preview:-1"},"canonical":"https:\/\/kinder-jugendliche-yoga-dudenhofen.de\/","og_locale":"de_DE","og_type":"article","og_title":"Fit und entspannt durchs Leben. Yoga , als ganzheitliches \u00dcbungsprogramm f\u00fcr K\u00f6rper, Geist und Seele. - Yoga f\u00fcr Kinder und Jugendliche in Dudenhofen","og_description":"Priyala Angela Hahnemann Yogalehrerin f\u00fcr Kinder und Jugendliche (KYA) Yogalehrerin (BYV) Mit gro\u00dfer Freude unterrichte ich Kindern seit 2008 und Jugendlichen seit 2015 Yoga. Dazu bin ich in verschiedenen Einrichtungen in Dudenhofen und in Neustadt\/ Diedesfeld t\u00e4tig. Es ist eine sehr sch\u00f6ne und n\u00fctzliche Aufgabe meinen Sch\u00fcler*innen M\u00f6glichkeiten und Wege zu vermitteln, wie sie in &hellip; \u201eFit und entspannt durchs Leben. Yoga , als ganzheitliches \u00dcbungsprogramm f\u00fcr K\u00f6rper, Geist und Seele.\u201c weiterlesen","og_url":"https:\/\/kinder-jugendliche-yoga-dudenhofen.de\/","og_site_name":"Yoga f\u00fcr Kinder und Jugendliche in Dudenhofen","article_modified_time":"2023-12-13T10:43:29+00:00","og_image":[{"url":"https:\/\/yoga-kinder-jugendliche-speyer.de\/wp-content\/uploads\/2023\/03\/Priyala-Angela-Hahnemann-scaled.jpg","type":"","width":"","height":""}],"twitter_card":"summary_large_image","twitter_misc":{"Gesch\u00e4tzte Lesezeit":"2\u00a0Minuten"},"schema":{"@context":"https:\/\/schema.org","@graph":[{"@type":"WebPage","@id":"https:\/\/kinder-jugendliche-yoga-dudenhofen.de\/","url":"https:\/\/kinder-jugendliche-yoga-dudenhofen.de\/","name":"Fit und entspannt durchs Leben. Yoga , als ganzheitliches \u00dcbungsprogramm f\u00fcr K\u00f6rper, Geist und Seele. - Yoga f\u00fcr Kinder und Jugendliche in Dudenhofen","isPartOf":{"@id":"https:\/\/kinder-jugendliche-yoga-dudenhofen.de\/#website"},"primaryImageOfPage":{"@id":"https:\/\/kinder-jugendliche-yoga-dudenhofen.de\/#primaryimage"},"image":{"@id":"https:\/\/kinder-jugendliche-yoga-dudenhofen.de\/#primaryimage"},"thumbnailUrl":"https:\/\/yoga-kinder-jugendliche-speyer.de\/wp-content\/uploads\/2023\/03\/Priyala-Angela-Hahnemann-scaled.jpg","datePublished":"2019-02-10T23:33:58+00:00","dateModified":"2023-12-13T10:43:29+00:00","breadcrumb":{"@id":"https:\/\/kinder-jugendliche-yoga-dudenhofen.de\/#breadcrumb"},"inLanguage":"de","potentialAction":[{"@type":"ReadAction","target":["https:\/\/kinder-jugendliche-yoga-dudenhofen.de\/"]}]},{"@type":"ImageObject","inLanguage":"de","@id":"https:\/\/kinder-jugendliche-yoga-dudenhofen.de\/#primaryimage","url":"https:\/\/yoga-kinder-jugendliche-speyer.de\/wp-content\/uploads\/2023\/03\/Priyala-Angela-Hahnemann-scaled.jpg","contentUrl":"https:\/\/yoga-kinder-jugendliche-speyer.de\/wp-content\/uploads\/2023\/03\/Priyala-Angela-Hahnemann-scaled.jpg"},{"@type":"BreadcrumbList","@id":"https:\/\/kinder-jugendliche-yoga-dudenhofen.de\/#breadcrumb","itemListElement":[{"@type":"ListItem","position":1,"name":"Startseite","item":"https:\/\/kinder-jugendliche-yoga-dudenhofen.de\/"},{"@type":"ListItem","position":2,"name":"Fit und entspannt durchs Leben. Yoga , als ganzheitliches \u00dcbungsprogramm f\u00fcr K\u00f6rper, Geist und Seele."}]},{"@type":"WebSite","@id":"https:\/\/kinder-jugendliche-yoga-dudenhofen.de\/#website","url":"https:\/\/kinder-jugendliche-yoga-dudenhofen.de\/","name":"Yoga f\u00fcr Kinder und Jugendliche in Dudenhofen","description":"mit Priyala Angela Hahnemann","potentialAction":[{"@type":"SearchAction","target":{"@type":"EntryPoint","urlTemplate":"https:\/\/kinder-jugendliche-yoga-dudenhofen.de\/?s={search_term_string}"},"query-input":{"@type":"PropertyValueSpecification","valueRequired":true,"valueName":"search_term_string"}}],"inLanguage":"de"}]}},"_links":{"self":[{"href":"https:\/\/kinder-jugendliche-yoga-dudenhofen.de\/index.php?rest_route=\/wp\/v2\/pages\/10","targetHints":{"allow":["GET"]}}],"collection":[{"href":"https:\/\/kinder-jugendliche-yoga-dudenhofen.de\/index.php?rest_route=\/wp\/v2\/pages"}],"about":[{"href":"https:\/\/kinder-jugendliche-yoga-dudenhofen.de\/index.php?rest_route=\/wp\/v2\/types\/page"}],"author":[{"embeddable":true,"href":"https:\/\/kinder-jugendliche-yoga-dudenhofen.de\/index.php?rest_route=\/wp\/v2\/users\/1"}],"replies":[{"embeddable":true,"href":"https:\/\/kinder-jugendliche-yoga-dudenhofen.de\/index.php?rest_route=%2Fwp%2Fv2%2Fcomments&post=10"}],"version-history":[{"count":149,"href":"https:\/\/kinder-jugendliche-yoga-dudenhofen.de\/index.php?rest_route=\/wp\/v2\/pages\/10\/revisions"}],"predecessor-version":[{"id":2554,"href":"https:\/\/kinder-jugendliche-yoga-dudenhofen.de\/index.php?rest_route=\/wp\/v2\/pages\/10\/revisions\/2554"}],"wp:attachment":[{"href":"https:\/\/kinder-jugendliche-yoga-dudenhofen.de\/index.php?rest_route=%2Fwp%2Fv2%2Fmedia&parent=10"}],"curies":[{"name":"wp","href":"https:\/\/api.w.org\/{rel}","templated":true}]}}